{"id":65,"date":"2015-01-03T18:59:59","date_gmt":"2015-01-03T18:59:59","guid":{"rendered":"http:\/\/martin-buber-schule-giessen.de\/?page_id=65"},"modified":"2025-08-14T17:40:54","modified_gmt":"2025-08-14T15:40:54","slug":"die-schulleitung","status":"publish","type":"page","link":"https:\/\/mbs-giessen.de\/?page_id=65","title":{"rendered":"Schulleitung"},"content":{"rendered":"<p>Das Schulleitungs-Team setzt sich wie folgt zusammen: Unsere Schulleiterinnen mit den drei Stufenleiterinnen\/ Stufenleitern f\u00fcr die Grund-, Mittel-, und Berufsorientierungsstufe und dem Koordinator der Hauptstufe sowie die Koordinatorin f\u00fcr Diagnostik und Beratung, die Migrations- und FSJ-Beauftragte sowie die Sozialarbeiterin (AWO Hessen-S\u00fcd).<\/p>\n<div id=\"attachment_5683\" style=\"width: 594px\" class=\"wp-caption aligncenter\"><a href=\"https:\/\/mbs-giessen.de\/wp-content\/uploads\/2023\/06\/Schulleitungsteam.jpg\"><img aria-describedby=\"caption-attachment-5683\" decoding=\"async\" loading=\"lazy\" class=\"wp-image-5683 size-large\" src=\"https:\/\/mbs-giessen.de\/wp-content\/uploads\/2023\/06\/Schulleitungsteam-1024x768.jpg\" alt=\"\" width=\"584\" height=\"438\" srcset=\"https:\/\/mbs-giessen.de\/wp-content\/uploads\/2023\/06\/Schulleitungsteam-1024x768.jpg 1024w, https:\/\/mbs-giessen.de\/wp-content\/uploads\/2023\/06\/Schulleitungsteam-300x225.jpg 300w, https:\/\/mbs-giessen.de\/wp-content\/uploads\/2023\/06\/Schulleitungsteam-768x576.jpg 768w, https:\/\/mbs-giessen.de\/wp-content\/uploads\/2023\/06\/Schulleitungsteam-1536x1152.jpg 1536w, https:\/\/mbs-giessen.de\/wp-content\/uploads\/2023\/06\/Schulleitungsteam-400x300.jpg 400w, https:\/\/mbs-giessen.de\/wp-content\/uploads\/2023\/06\/Schulleitungsteam.jpg 1920w\" sizes=\"(max-width: 584px) 100vw, 584px\" \/><\/a><p id=\"caption-attachment-5683\" class=\"wp-caption-text\">Vorne sitzen von links nach rechts: Frau Lenz, Frau M\u00fcller, Frau Kremer und Frau Befort. Hinten stehen von links nach rechts: Herr Pesek, Frau L\u00fcck-Leun, Frau Ronthaler und Herr Wasserfuhr<\/p><\/div>\n<h2><\/h2>\n<h2>Ansprechpartner<\/h2>\n<address>Schulleitung:<br \/>\nFrau Dr. Kremer<br \/>\nFrau M\u00fcller, Konrektorin<br \/>\nFrau Lenz, 2. Konrektorin\u00a0<\/address>\n<address>Stufenleitung:<br \/>\nFrau Strauch (Grundstufe)<br \/>\nFrau L\u00fcck-Leun (Mittelstufe)<br \/>\nHerr Pesek (Koordination Hauptstufe)<br \/>\nHerr Wasserfuhr (Berufsorientierungsstufe)<\/address>\n<address>Diagnostik und Beratung, Praktikum und FSJ:<br \/>\nFrau Lenz<\/address>\n<address>Migration:<br \/>\nFrau L\u00fcck-Leun<\/address>\n<address>Sozialarbeit an Schulen:<br \/>\nFrau Ronthaler<\/address>\n<address>\u00a0<\/address>\n<address>\u00a0<\/address>\n<address>\u00a0<\/address>\n","protected":false},"excerpt":{"rendered":"<p>Das Schulleitungs-Team setzt sich wie folgt zusammen: Unsere Schulleiterinnen mit den drei Stufenleiterinnen\/ Stufenleitern f\u00fcr die Grund-, Mittel-, und Berufsorientierungsstufe und dem Koordinator der Hauptstufe sowie die Koordinatorin f\u00fcr Diagnostik und Beratung, die Migrations- und FSJ-Beauftragte sowie die Sozialarbeiterin (AWO &hellip; <a href=\"https:\/\/mbs-giessen.de\/?page_id=65\">Weiterlesen <span class=\"meta-nav\">&rarr;<\/span><\/a><\/p>\n","protected":false},"author":1,"featured_media":0,"parent":0,"menu_order":0,"comment_status":"closed","ping_status":"closed","template":"","meta":[],"_links":{"self":[{"href":"https:\/\/mbs-giessen.de\/index.php?rest_route=\/wp\/v2\/pages\/65"}],"collection":[{"href":"https:\/\/mbs-giessen.de\/index.php?rest_route=\/wp\/v2\/pages"}],"about":[{"href":"https:\/\/mbs-giessen.de\/index.php?rest_route=\/wp\/v2\/types\/page"}],"author":[{"embeddable":true,"href":"https:\/\/mbs-giessen.de\/index.php?rest_route=\/wp\/v2\/users\/1"}],"replies":[{"embeddable":true,"href":"https:\/\/mbs-giessen.de\/index.php?rest_route=%2Fwp%2Fv2%2Fcomments&post=65"}],"version-history":[{"count":40,"href":"https:\/\/mbs-giessen.de\/index.php?rest_route=\/wp\/v2\/pages\/65\/revisions"}],"predecessor-version":[{"id":7055,"href":"https:\/\/mbs-giessen.de\/index.php?rest_route=\/wp\/v2\/pages\/65\/revisions\/7055"}],"wp:attachment":[{"href":"https:\/\/mbs-giessen.de\/index.php?rest_route=%2Fwp%2Fv2%2Fmedia&parent=65"}],"curies":[{"name":"wp","href":"https:\/\/api.w.org\/{rel}","templated":true}]}}