{"id":59,"date":"2015-01-03T18:58:17","date_gmt":"2015-01-03T17:58:17","guid":{"rendered":"http:\/\/martin-buber-schule-giessen.de\/?page_id=59"},"modified":"2025-02-04T10:07:41","modified_gmt":"2025-02-04T09:07:41","slug":"die-sv","status":"publish","type":"page","link":"https:\/\/mbs-giessen.de\/?page_id=59","title":{"rendered":"Die SV"},"content":{"rendered":"\n<p><strong>Sch\u00fclerinnen und Sch\u00fcler-Vertretung an der Martin<\/strong><strong>-Buber<\/strong><strong>-Schule<\/strong><\/p>\n\n\n\n<p>Einmal im Schuljahr w\u00e4hlen die Klassensprecherinnen und Klassensprecher der Mittel- und HBO-Stufe die Sch\u00fclervertretung (SV). Diese Sch\u00fclerinnen und Sch\u00fcler k\u00fcmmern sich um die W\u00fcnsche der Mitsch\u00fcler und haben eine Vorbildfunktion in der Schulgemeinde. Sie organisieren die Ausleihe der Pausenspielger\u00e4te im SV-Raum und w\u00e4hlen aus ihren Reihen einen Schulsprecher \u2013 mit Wahlwerbung, Wahlzetteln und Verk\u00fcndung des Wahlsiegers. Auch f\u00fcr den Kreissch\u00fclerrat k\u00f6nnen sich Sch\u00fclerinnen und Sch\u00fcler bewerben. <\/p>\n\n\n\n<p>Vertreterinnen und Vertreter der SV nehmen auch an Gesamtkonferenzen teil und vertreten vor dem Lehrpersonal die W\u00fcnsche der Sch\u00fclerinnen und Sch\u00fcler.<\/p>\n\n\n\n<figure class=\"wp-block-gallery has-nested-images columns-default is-cropped wp-block-gallery-1 is-layout-flex\">\n<figure class=\"wp-block-image size-large\"><img decoding=\"async\" loading=\"lazy\" width=\"1024\" height=\"768\" data-id=\"3840\"  src=\"https:\/\/mbs-giessen.de\/wp-content\/uploads\/2021\/03\/WPM1692.jpg\" alt=\"\" class=\"wp-image-3840\" srcset=\"https:\/\/mbs-giessen.de\/wp-content\/uploads\/2021\/03\/WPM1692.jpg 1024w, https:\/\/mbs-giessen.de\/wp-content\/uploads\/2021\/03\/WPM1692-300x225.jpg 300w, https:\/\/mbs-giessen.de\/wp-content\/uploads\/2021\/03\/WPM1692-768x576.jpg 768w, https:\/\/mbs-giessen.de\/wp-content\/uploads\/2021\/03\/WPM1692-400x300.jpg 400w\" sizes=\"(max-width: 1024px) 100vw, 1024px\" \/><figcaption class=\"wp-element-caption\"><strong>Der SV-Raum der MBS<\/strong><\/figcaption><\/figure>\n<\/figure>\n\n\n\n<p><a rel=\"noreferrer noopener\" href=\"https:\/\/mbs-giessen.de\/?p=4711\" target=\"_blank\">SV-Osterferienprojekt<\/a> <\/p>\n\n\n\n<h2 class=\"wp-block-heading\">Bericht der Sch\u00fclervertretung 2020\/21<\/h2>\n\n\n\n<p><strong>Corona hat auch der SV einen Strich durch die Rechnung gemacht!<\/strong><\/p>\n\n\n\n<p>Leider konnte die neu gew\u00e4hlte SV in diesem Schuljahr nicht viel\nmachen. Trotzdem haben sie sich nicht unterkriegen lassen.<\/p>\n\n\n\n<p>Im Juni konnte dann endlich ein gemeinsames Treffen auf der Wiese mit Abstand und Masken stattfinden. Es wurde besprochen, was die Sch\u00fclerinnen und Sch\u00fcler sich w\u00fcnschen, was sie gerne verbessern wollen und wie es n\u00e4chstes Schuljahr weitergeht.<\/p>\n\n\n\n<p>Au\u00dferdem gab es eine kleine \u00dcberraschung. Alle SV Mitglieder haben einen SV-Turnbeutel bekommen. Die Freude war gro\u00df.<\/p>\n\n\n\n<figure class=\"wp-block-image size-large\"><img decoding=\"async\" loading=\"lazy\" width=\"1024\" height=\"768\" src=\"https:\/\/mbs-giessen.de\/wp-content\/uploads\/2021\/07\/SV-2-1024x768.jpg\" alt=\"\" class=\"wp-image-4050\" srcset=\"https:\/\/mbs-giessen.de\/wp-content\/uploads\/2021\/07\/SV-2-1024x768.jpg 1024w, https:\/\/mbs-giessen.de\/wp-content\/uploads\/2021\/07\/SV-2-300x225.jpg 300w, https:\/\/mbs-giessen.de\/wp-content\/uploads\/2021\/07\/SV-2-768x576.jpg 768w, https:\/\/mbs-giessen.de\/wp-content\/uploads\/2021\/07\/SV-2-400x300.jpg 400w, https:\/\/mbs-giessen.de\/wp-content\/uploads\/2021\/07\/SV-2.jpg 1280w\" sizes=\"(max-width: 1024px) 100vw, 1024px\" \/><\/figure>\n\n\n\n<p>Nach dem Treffen, haben 3 SV Sch\u00fclerinnen und Sch\u00fcler einen Termin mit der Schulleitung ausgemacht. Sie haben sich getroffen und Sachen besprochen. Die SV w\u00fcnscht sich zum Beispiel mehr Schatten auf dem Schulhof, M\u00fclleimer in allen B\u00e4dern und Ventilatoren f\u00fcr die Klassen, wenn es drau\u00dfen wieder so hei\u00df wird.<\/p>\n\n\n\n<p>Fr. Dr. Kremer wird sich um die Anliegen der SV k\u00fcmmern und hatte\ndirekt eine gute Nachricht\u2026es wurden schon Ventilatoren besorgt.<\/p>\n\n\n\n<p>N\u00e4chstes Schuljahr hat die SV geplant wieder einen Spielverleih in den\nPausen zu machen und den SV Raum zu versch\u00f6nern.<\/p>\n\n\n\n<p><strong>Kreissch\u00fclerratssitzung (KSR)<\/strong><strong><\/strong><\/p>\n\n\n\n<p>Wegen Corona konnte auch die Kreissch\u00fclerratssitzung nicht oft stattfinden. Im Juni gab es dann aber doch ein Treffen. Alle KSR Delegierten haben sich im Rathaus in Gie\u00dfen getroffen. Auch von der MBS war eine Sch\u00fclerin dabei.<\/p>\n\n\n<div class=\"wp-block-image\">\n<figure class=\"aligncenter size-large is-resized\"><img decoding=\"async\" loading=\"lazy\" src=\"https:\/\/mbs-giessen.de\/wp-content\/uploads\/2021\/07\/SV-3-768x1024.jpg\" alt=\"\" class=\"wp-image-4061\" width=\"414\" height=\"557\"\/><\/figure><\/div>\n\n\n<p>Die SV hofft, dass sie sich im n\u00e4chsten Schuljahr \u00f6fter treffen und noch aktiver werden kann.<\/p>\n","protected":false},"excerpt":{"rendered":"<p>Sch\u00fclerinnen und Sch\u00fcler-Vertretung an der Martin-Buber-Schule Einmal im Schuljahr w\u00e4hlen die Klassensprecherinnen und Klassensprecher der Mittel- und HBO-Stufe die Sch\u00fclervertretung (SV). Diese Sch\u00fclerinnen und Sch\u00fcler k\u00fcmmern sich um die W\u00fcnsche der Mitsch\u00fcler und haben eine Vorbildfunktion in der Schulgemeinde. Sie &hellip; <a href=\"https:\/\/mbs-giessen.de\/?page_id=59\">Weiterlesen <span class=\"meta-nav\">&rarr;<\/span><\/a><\/p>\n","protected":false},"author":1,"featured_media":0,"parent":0,"menu_order":0,"comment_status":"closed","ping_status":"closed","template":"","meta":[],"_links":{"self":[{"href":"https:\/\/mbs-giessen.de\/index.php?rest_route=\/wp\/v2\/pages\/59"}],"collection":[{"href":"https:\/\/mbs-giessen.de\/index.php?rest_route=\/wp\/v2\/pages"}],"about":[{"href":"https:\/\/mbs-giessen.de\/index.php?rest_route=\/wp\/v2\/types\/page"}],"author":[{"embeddable":true,"href":"https:\/\/mbs-giessen.de\/index.php?rest_route=\/wp\/v2\/users\/1"}],"replies":[{"embeddable":true,"href":"https:\/\/mbs-giessen.de\/index.php?rest_route=%2Fwp%2Fv2%2Fcomments&post=59"}],"version-history":[{"count":18,"href":"https:\/\/mbs-giessen.de\/index.php?rest_route=\/wp\/v2\/pages\/59\/revisions"}],"predecessor-version":[{"id":6775,"href":"https:\/\/mbs-giessen.de\/index.php?rest_route=\/wp\/v2\/pages\/59\/revisions\/6775"}],"wp:attachment":[{"href":"https:\/\/mbs-giessen.de\/index.php?rest_route=%2Fwp%2Fv2%2Fmedia&parent=59"}],"curies":[{"name":"wp","href":"https:\/\/api.w.org\/{rel}","templated":true}]}}